{"id":100,"date":"2015-01-08T00:48:10","date_gmt":"2015-01-07T22:48:10","guid":{"rendered":"http:\/\/www.mixedmanualarts.de\/massagen\/?page_id=100"},"modified":"2024-03-21T09:21:26","modified_gmt":"2024-03-21T07:21:26","slug":"home","status":"publish","type":"page","link":"https:\/\/www.mixedmanualarts.de\/?page_id=100","title":{"rendered":"&#8211; Aktuelles &#8211;"},"content":{"rendered":"<p><strong>EINSTIEG IN DIE K\u00d6RPERARBEIT UND MASSAGE &#8211; am 03.02.2024 in L\u00fcbeck und am 16.03.2024 in Bremen<\/strong><\/p>\n<div class=\"kw-info\">\n<p>In dem Kurs gilt es, den Einstieg in die K\u00f6rperarbeit zu finden. Wir behandeln am bekleideten K\u00f6rper in verschiedenen Positionen, vorwiegend mit Techniken aus der asiatischen Massage. Der ganzheitliche Gesundheitsansatz und die Entwicklung der Wahrnehmung des K\u00f6rpers bzw. K\u00f6rperareals stehen ebenso wie die eigene Haltung im Zentrum dieses Workshops.<\/p>\n<p><strong>MASSAGE AUF DER LIEGE &#8211; F\u00dcR ANF\u00c4NGER*INNEN UND PROFIS &#8211; am 13.\/14.04. 2024 in Bremen<\/strong><\/p>\n<div class=\"kw-info\">\n<p>Durch das Kennenlernen verschiedener Massageformen kann jede*r Teilnehmer*in die eigene Art der Behandlung entwickeln. Wir arbeiten mit den unterschiedlichen Techniken und Griffen und erarbeiten den Ablauf einer R\u00fcckenmassage. Das Konzept ganzheitlicher K\u00f6rperarbeit, die eigene K\u00f6rperhaltung und innere Ausrichtung des Aus\u00fcbenden werden in diesem praxisbetonten Workshop ebenfalls thematisiert.<\/p>\n<\/div>\n<p><strong>https:\/\/www.vhs-bremen.de<\/strong><\/p>\n<\/div>\n<p><strong>&#8222;Mixed Manual Arts&#8220; &#8211; Kurse kontinuierlich bei den Volkshochschulen L\u00fcbeck und Bremen &#8211; Kommt vorbei!<br \/>\n<\/strong><\/p>\n<p><strong>&#8222;Mixed Manual Arts&#8220;<\/strong> <strong>7.0 am 05.\/06.05. 2018 an der VHs-Bremen.Tageskurs dort auch am 22.04.2018, in L\u00fcbeck am 10.03. 2018. &#8211; Kommt vorbei<br \/>\n<\/strong><\/p>\n<p><strong>N\u00e4here Informationen zu MiMaArts\u00a0 7.0 hier: https:\/\/www.vhs-bremen.de\/Live\/ilink\/BusinessPages\/Public\/CourseDetails.aspx<\/strong><\/p>\n<p><strong>&#8222;Mixed Manual Arts&#8220;<\/strong>\u00a0<strong> 6.0\u00a0 am 07.\/08.10. 2017\u00a0 an der Vhs-L\u00fcbeck.<\/strong><\/p>\n<p><strong>&#8222;Mixed Manual Arts&#8220;<\/strong>\u00a0<strong> 5.0 wurde im Fr\u00fchjahr 2017 abgehalten.<br \/>\n<\/strong><\/p>\n<p><strong>&#8222;Mixed Manual Arts&#8220;<\/strong>\u00a0<strong> 4.0 wurde am 08.\/09.10. an der Vhs-L\u00fcbeck erfolgreich durchgef\u00fchrt.\u00a0<\/strong><\/p>\n<p>In vertrauter Umgebung und mit aufgeschlossenen Teilnehmern haben wir erfahren und gelernt, massiert und ausprobiert. F\u00fcr mich ist das Wirken und die Arbeit hier ein Erfolgsmodell und ich freue mich \u00fcber unsere weitere Zusammenarbeit.<\/p>\n<p><strong>&#8222;Mixed Manual Arts&#8220; war erneut\u00a0 zu Gast bei &#8222;Therapeutic Touch&#8220; in Wien!<\/strong><\/p>\n<p>Am 03.\/04.09. hatte ich die Gelegenheit die Methoden von &#8222;MixedManualArts&#8220;\u00a0 bei\u00a0 &#8222;Therapeutic Touch&#8220; mit Gabriele Wiederkehr anzubieten. Hier zeigte sich erneut, da\u00df k\u00f6rpertherapeutische Konzepte ineinander \u00fcbergeifen und bereichern k\u00f6nnen.<\/p>\n<p>Es gab eine (hoffentlich) alle Seiten bereichernde Session und wunderbare Momente des miteinander Seins. MixedManualArts w\u00fcnscht sich an dieser Stelle eine weitere Fortsetzung der Zusammenarbeit und allen Teilnehmern und &#8222;Therapeutic Touch&#8220; weiterhin gesundes Wachsen und Erfolg.<\/p>\n<p><strong>&#8222;Mixed Manual Arts&#8220; 3.0 am 12.\/13.03. an der Vhs-L\u00fcbeck war erfolgreich!<br \/>\n<\/strong><\/p>\n<p>Ich durfte neue Herausforderungen kennenlernen und in der Interaktion mit meinen Teilnehmern wachsen. Vielen Dank. Ich komme wieder.<\/p>\n<p><strong>&#8222;Mixed Manual Arts&#8220; 3.0 am 12.\/13.03. an der Vhs-L\u00fcbeck<\/strong><\/p>\n<p>Der dritte &#8222;MixedManualArts&#8220;_Workshop startet an der Vhs-L\u00fcbeck. Come along everybody, explore yourself and become one by being body!<\/p>\n<p><strong>&#8222;Mixed Manual Arts\u201c<\/strong><strong>bezeichnet die Verschmelzung verschiedener Massagetraditionen \u2013 und formen (Klass.Massage\/ Shiatsu\/LomiLomiNui\u2026).<\/strong><\/p>\n<p><strong>Die verwendeten Techniken orientieren sich meist an Spannungslinien und -feldern im K\u00f6rper und gehen mit ihnen in Kommunikation. <\/strong><\/p>\n<p><strong>Dabei erh\u00e4lt der Organismus die Gelegenheit Disbalancen auszugleichen und sich vergessenen Strukturen und Arealen wieder gewahr zu werden. Unbewusste, gespeicherte Informationen fliessen mit in diesen Prozess hinein, werden transformiert und ausgeleitet.<\/strong><\/p>\n<p>Welcome you!<\/p>\n<p><em><strong>https:\/\/service02.luebeck.de\/vhs\/index.php?id=16&amp;kathaupt=12&amp;knr=BR301-280<\/strong><\/em><\/p>\n<p><strong>&#8222;Mixed Manual Arts&#8220; 2.0 am 10.\/11.10. bei der Vhs-L\u00fcbeck<\/strong><\/p>\n<p>&#8230;erfolgreich durch- und weitergef\u00fchrt.<\/p>\n<p>Eine kraftvolle und gesunde Gruppe hat zwei Tage lang voneinander lernen, miteinander ausprobieren und \u00fcbereinander erfahren d\u00fcrfen. Wir haben intensiv an unseren F\u00e4higkeiten geforscht und unseren Erfahrungsschatz erweitert. Vielen Dank an alle Teilnehmenden, die Vhs-L\u00fcbeck, den Himmel, die Erde und den Menschen<\/p>\n<p><strong>&#8222;Mixed Manual Arts&#8220; 2.0 am 10.\/11.10. bei der Vhs-L\u00fcbeck<\/strong><\/p>\n<p>Der zweite &#8222;MixedManualArts&#8220;_Workshop startet an der Vhs-L\u00fcbeck. Come along everybody, explore yourself and become one by being body!<\/p>\n<p><strong>&#8222;Mixed Manual Arts\u201c<\/strong><strong>bezeichnet die Verschmelzung verschiedener Massagetraditionen \u2013 und formen (Klass.Massage\/ Shiatsu\/LomiLomiNui\u2026).<\/strong><\/p>\n<p><strong>Die verwendeten Techniken orientieren sich meist an Spannungslinien und -feldern im K\u00f6rper und gehen mit ihnen in Kommunikation. <\/strong><\/p>\n<p><strong>Dabei erh\u00e4lt der Organismus die Gelegenheit Disbalancen auszugleichen und sich vergessenen Strukturen und Arealen wieder gewahr zu werden. Unbewusste, gespeicherte Informationen fliessen mit in diesen Prozess hinein, werden transformiert und ausgeleitet.<\/strong><\/p>\n<p>Welcome you!<\/p>\n<p><em><strong>https:\/\/service02.luebeck.de\/vhs\/index.php?id=16&amp;kathaupt=12&amp;knr=BQ301-280<\/strong><\/em><\/p>\n<p><strong>&#8222;Mixed Manual Arts&#8220; war zu Gast bei &#8222;Therapeutic Touch&#8220; in Wien!<\/strong><\/p>\n<p>Am 30.\/31.05. hatte &#8222;MixedManualArts&#8220;\u00a0 die Ehre sich bei Gabriele Wiederkehr von &#8222;Therapeutic Touch&#8220; zu pr\u00e4sentieren. Es gab eine eine (hoffentlich) alle Seiten bereichernde Session und Workshop\u00a0 in der sch\u00f6nen Donaustadt Wien. MixedManualArts w\u00fcnscht sich an dieser Stelle eine Fortsetzung der Zusammenarbeit und allen Teilnehmern und &#8222;Therapeutic Touch&#8220; gesundes Wachsen und viel Erfolg.<\/p>\n<p><strong>&#8222;Mixed Manual Arts&#8220;geht an den Start!\u00a0 &#8211; Be part of it!<\/strong><\/p>\n<h4><a href=\"https:\/\/www.mixedmanualarts.de\/wp-content\/uploads\/2015\/01\/shutterstock_111537713-e1422539667623.jpg\"><img loading=\"lazy\" decoding=\"async\" class=\"alignnone wp-image-192 size-full\" src=\"https:\/\/www.mixedmanualarts.de\/wp-content\/uploads\/2015\/01\/shutterstock_111537713-e1422539667623.jpg\" alt=\"shutterstock_111537713\" width=\"990\" height=\"375\" srcset=\"https:\/\/www.mixedmanualarts.de\/wp-content\/uploads\/2015\/01\/shutterstock_111537713-e1422539667623.jpg 990w, https:\/\/www.mixedmanualarts.de\/wp-content\/uploads\/2015\/01\/shutterstock_111537713-e1422539667623-300x113.jpg 300w\" sizes=\"auto, (max-width: 990px) 100vw, 990px\" \/><\/a><\/h4>\n<h4><\/h4>\n<p><strong>\u201eMixed Manual Arts\u201c<\/strong><strong>bezeichnet die Verschmelzung verschiedener Massagetraditionen \u2013 und formen (Klass.Massage\/ Shiatsu\/LomiLomiNui\u2026).<\/strong><\/p>\n<p><strong>Die verwendeten Techniken orientieren sich meist an Spannungslinien und -feldern im K\u00f6rper und gehen mit ihnen in Kommunikation. <\/strong><\/p>\n<p><strong>Dabei erh\u00e4lt der Organismus die Gelegenheit Disbalancen auszugleichen und sich vergessenen Strukturen und Arealen wieder gewahr zu werden. Unbewusste, gespeicherte Informationen fliessen mit in diesen Prozess hinein, werden transformiert und ausgeleitet.<\/strong><\/p>\n<p><strong>Die n\u00e4chste M\u00f6glichkeit zum Kennenlernen dieser Technk bietet sich am 14.\/15.03. an der VHS-L\u00fcbeck.<\/strong><\/p>\n<p><strong>https:\/\/service01.luebeck.de\/vhs\/index.php?id=4&amp;kathaupt=12&amp;knr=BP301-228<\/strong><\/p>\n<h4>Das Massageteam Hamburg kreierte zuletzt\u00a0 in der Rindermarkthalle St.Pauli vorz\u00fcgliche Men\u00fcs! Wann dieses zukunftsweisende Projekt fortgesetzt wird, ist noch ungewiss&#8230;<\/h4>\n<p><a href=\"https:\/\/www.mixedmanualarts.de\/wp-content\/uploads\/2015\/01\/shutterstock_129390128.jpg\"><img loading=\"lazy\" decoding=\"async\" class=\"alignnone wp-image-190 size-full\" src=\"https:\/\/www.mixedmanualarts.de\/wp-content\/uploads\/2015\/01\/shutterstock_129390128.jpg\" alt=\"shutterstock_129390128\" width=\"1000\" height=\"252\" srcset=\"https:\/\/www.mixedmanualarts.de\/wp-content\/uploads\/2015\/01\/shutterstock_129390128.jpg 1000w, https:\/\/www.mixedmanualarts.de\/wp-content\/uploads\/2015\/01\/shutterstock_129390128-300x75.jpg 300w\" sizes=\"auto, (max-width: 1000px) 100vw, 1000px\" \/><\/a><\/p>\n<h4><\/h4>\n<h4>Wir werden dann wieder t\u00e4glich von 10.00 Uhr -20.00 Uhr in dem neuen Nahversorgungscenter an der Feldstra\u00dfe zu erreichen sein und freuen uns, euch und Sie wieder begr\u00fc\u00dfen zu d\u00fcrfen!<\/h4>\n<p><strong>Es gibt nach wie vor die &#8211; 10min.\/10,-\u00a0 &#8211; &#8222;v<em>ery keine Zeit&#8220; Behandlung<\/em>, <\/strong><\/p>\n<p><strong>sowie das\u00a0 &#8211; 15min\/14,-<em>\u00a0 &#8211; &#8222;Kann man\u00a0 mal machen&#8220; Treatment<\/em>, <\/strong><\/p>\n<p><strong>als auch das &#8211;\u00a0 20min.\/18,-\u00a0 &#8211; &#8222;D<em>as ist schon ok&#8220; Arrangement<\/em><\/strong>.<\/p>\n<p><strong>Die extended Versions sind selbstverst\u00e4ndlich auch weiterhin erh\u00e4ltlich.<\/strong><\/p>\n<p><strong>\u00d6ffnungszeiten: Mo-Sa,\u00a0 10.00-20.00 Uhr &#8211; straight and direkt in Rindermarkthalle<\/strong><\/p>\n<p><a href=\"https:\/\/www.mixedmanualarts.de\/wp-content\/uploads\/2015\/01\/DSC011041.jpg\"><img loading=\"lazy\" decoding=\"async\" class=\"alignnone wp-image-112 size-medium\" src=\"https:\/\/www.mixedmanualarts.de\/wp-content\/uploads\/2015\/01\/DSC011041-e1422388054531-300x191.jpg\" alt=\"DSC01104\" width=\"300\" height=\"191\" srcset=\"https:\/\/www.mixedmanualarts.de\/wp-content\/uploads\/2015\/01\/DSC011041-e1422388054531-300x191.jpg 300w, https:\/\/www.mixedmanualarts.de\/wp-content\/uploads\/2015\/01\/DSC011041-e1422388054531-1024x654.jpg 1024w, https:\/\/www.mixedmanualarts.de\/wp-content\/uploads\/2015\/01\/DSC011041-e1422388054531.jpg 1436w\" sizes=\"auto, (max-width: 300px) 100vw, 300px\" \/><\/a><\/p>\n<p><strong><em>\u00dcber die Entwicklung von K\u00f6rperbewusstsein wollen wir Potenziale er\u00f6ffnen, Kreativit\u00e4t und Leichtigkeit in den Alltag hineinbringen.<\/em><\/strong><\/p>\n<p><strong><em>Neue Impulse erm\u00f6glichen es, alte Haltungen wahrzunehmen. <\/em><\/strong><\/p>\n<p><strong><em>Bewegte und bewegliche K\u00f6rper sind f\u00e4hig in schwierigen Phasen flexibel und gelassen zu agieren.<\/em><\/strong><\/p>\n","protected":false},"excerpt":{"rendered":"<p>EINSTIEG IN DIE K\u00d6RPERARBEIT UND MASSAGE &#8211; am 03.02.2024 in L\u00fcbeck und am 16.03.2024 in Bremen In dem Kurs gilt es, den Einstieg in die K\u00f6rperarbeit zu finden. Wir behandeln am bekleideten K\u00f6rper in verschiedenen Positionen, vorwiegend mit Techniken aus der asiatischen Massage. Der ganzheitliche Gesundheitsansatz und die Entwicklung der Wahrnehmung des K\u00f6rpers bzw. K\u00f6rperareals [&hellip;]<\/p>\n","protected":false},"author":2,"featured_media":0,"parent":0,"menu_order":0,"comment_status":"closed","ping_status":"closed","template":"","meta":{"footnotes":""},"class_list":["post-100","page","type-page","status-publish","hentry"],"_links":{"self":[{"href":"https:\/\/www.mixedmanualarts.de\/index.php?rest_route=\/wp\/v2\/pages\/100","targetHints":{"allow":["GET"]}}],"collection":[{"href":"https:\/\/www.mixedmanualarts.de\/index.php?rest_route=\/wp\/v2\/pages"}],"about":[{"href":"https:\/\/www.mixedmanualarts.de\/index.php?rest_route=\/wp\/v2\/types\/page"}],"author":[{"embeddable":true,"href":"https:\/\/www.mixedmanualarts.de\/index.php?rest_route=\/wp\/v2\/users\/2"}],"replies":[{"embeddable":true,"href":"https:\/\/www.mixedmanualarts.de\/index.php?rest_route=%2Fwp%2Fv2%2Fcomments&post=100"}],"version-history":[{"count":54,"href":"https:\/\/www.mixedmanualarts.de\/index.php?rest_route=\/wp\/v2\/pages\/100\/revisions"}],"predecessor-version":[{"id":693,"href":"https:\/\/www.mixedmanualarts.de\/index.php?rest_route=\/wp\/v2\/pages\/100\/revisions\/693"}],"wp:attachment":[{"href":"https:\/\/www.mixedmanualarts.de\/index.php?rest_route=%2Fwp%2Fv2%2Fmedia&parent=100"}],"curies":[{"name":"wp","href":"https:\/\/api.w.org\/{rel}","templated":true}]}}