{"id":31,"date":"2014-10-31T18:14:37","date_gmt":"2014-10-31T16:14:37","guid":{"rendered":"http:\/\/www.mixedmanualarts.de\/massagen\/?page_id=31"},"modified":"2026-02-13T18:27:18","modified_gmt":"2026-02-13T16:27:18","slug":"heilpraktiker","status":"publish","type":"page","link":"https:\/\/www.mixedmanualarts.de\/?page_id=31","title":{"rendered":"Massage am Arbeitsplatz"},"content":{"rendered":"<p style=\"text-align: center;\"><strong>Massage bringt Entspannung &#8211; Leichtigkeit &#8211;\u00a0 Kreativit\u00e4t und Kraft\u00a0 in ihr Unternehmen.<\/strong><\/p>\n<p style=\"text-align: center;\"><strong>Hier passiert etwas &#8211; Anderes!<br \/>\n<\/strong><\/p>\n<p style=\"text-align: center;\"><strong>Die Entwicklung von K\u00f6rperbewusstsein \u00f6ffnet Potenziale. <\/strong><strong>Festgefahrene Haltungen k\u00f6nnen wahrgenommen werden und\u00a0 sich ver\u00e4ndern. <\/strong><\/p>\n<p style=\"text-align: center;\"><strong>Sie ver\u00e4ndern sich.<\/strong><\/p>\n<p style=\"text-align: center;\"><strong>Unsere Kunden sind in der Lage, flexibel und gelassen zu agieren.<\/strong><\/p>\n<p>&nbsp;<\/p>\n<p><a href=\"https:\/\/www.mixedmanualarts.de\/wp-content\/uploads\/2015\/01\/shutterstock_117062077-e1422543855940.jpg\"><img loading=\"lazy\" decoding=\"async\" class=\"alignnone size-full wp-image-191\" src=\"https:\/\/www.mixedmanualarts.de\/wp-content\/uploads\/2015\/01\/shutterstock_117062077-e1422543855940.jpg\" alt=\"shutterstock_117062077\" width=\"990\" height=\"472\" srcset=\"https:\/\/www.mixedmanualarts.de\/wp-content\/uploads\/2015\/01\/shutterstock_117062077-e1422543855940.jpg 990w, https:\/\/www.mixedmanualarts.de\/wp-content\/uploads\/2015\/01\/shutterstock_117062077-e1422543855940-300x143.jpg 300w\" sizes=\"auto, (max-width: 990px) 100vw, 990px\" \/><\/a><\/p>\n<h3><strong>Mobile Massage in meinem Unternehmen!\u00a0 Warum?<br \/>\n<\/strong><\/h3>\n<h3><strong>Optimierung der Leistungsf\u00e4higkeit<\/strong><\/h3>\n<p>Unsere Kunden entspannen w\u00e4hrend der Behandlung vollkommen und regenerieren ihre Ressourcen.<br \/>\nT\u00e4tigkeitsbedingte An- und Verspannungen k\u00f6nnen sich l\u00f6sen, k\u00f6rperliche Leiden gelindert und krankheitsbedingte Ausf\u00e4lle vermieden werden.<\/p>\n<h3>Optimierung von Leistungsbereitschaft<\/h3>\n<p>Die Identifizierung der Mitarbeiter\/innen mit ihrem Unternehmen und deren gesellschaftlicher Ziele steigert die Bereitschaft, sich einzusetzten und Verantwortung zu \u00fcbernehmen.<\/p>\n<h3>Optimierung ihrer Unternehmenskultur<\/h3>\n<p>Nach dem Resonanzprinzip werden aus gesunden Mitarbeitern und Unternehmern gesunde Unternehmungen entstehen &#8211; von ihrem Haus wird eine gesunde Kraft ausgehen! Ihre Firma veredelt sich.<\/p>\n<p><strong>Was ben\u00f6tigen wir von Ihnen?<\/strong><br \/>\nDie Genehmigung und Unterst\u00fctzung in Ihrem Haus zu arbeiten. Einen mindestens 10 qm gro\u00dfen Raum mit etwas Ruhe und Atmosph\u00e4re.<\/p>\n<p><strong>Wie wird das praktisch umgesetzt?<\/strong><br \/>\n&#8211; Massiert wird an einem daf\u00fcr erarbeiteten Stuhl oder auf einer Liege am bekleideten oder teilbekleideten Kunden.<br \/>\n&#8211; Die Behandlungen dauern entweder 18 Minuten oder vorzugsweise 24-44 Minuten.<\/p>\n<h3><span style=\"text-decoration: underline;\"><strong>Kosten: &#8211; Money, money, money<\/strong><\/span><\/h3>\n<p><span style=\"text-decoration: underline;\"><strong>18 min. Behandlung\u00a0 &#8211; 20,- \u20ac<br \/>\n<\/strong><\/span><\/p>\n<p><strong><span style=\"text-decoration: underline;\">24 min. Behandlung &#8211; 25,- \u20ac<\/span><br \/>\n<\/strong><\/p>\n<p><span style=\"text-decoration: underline;\"><strong>44 min. Behandlung &#8211; 45,- \u20ac<\/strong><\/span><\/p>\n<p><span style=\"text-decoration: underline;\"><strong>Kennenlernangebot: Erste Behandlung(24min.) in ihrem Betrieb nur 15,- \u20ac pro Person<\/strong><\/span><\/p>\n<p>Das auftraggebende Unternehmen hat die M\u00f6glichkeit im Rahmen der betrieblichen Gesundheitsf\u00f6rderung nach \u00a7 20\/20a SGB V die Behandlungen, bzw. einen etwaigen Anteil von der Steuer abzusetzen.<\/p>\n<p>Anfahrt- und Materialkosten werden grunds\u00e4tzlich nicht berechnet.<\/p>\n<p>Behandlungszeiten: Mo-Fr: 8.00 &#8211; 20.00 Uhr \/\/\/ Sa\/So auf Anfrage<\/p>\n<h3><\/h3>\n<h3><strong><a href=\"https:\/\/www.mixedmanualarts.de\/wp-content\/uploads\/2015\/03\/DSC01066.jpg\"><img loading=\"lazy\" decoding=\"async\" class=\"alignnone size-large wp-image-363\" src=\"https:\/\/www.mixedmanualarts.de\/wp-content\/uploads\/2015\/03\/DSC01066-889x667.jpg\" alt=\"DSC01066\" width=\"889\" height=\"667\" srcset=\"https:\/\/www.mixedmanualarts.de\/wp-content\/uploads\/2015\/03\/DSC01066-889x667.jpg 889w, https:\/\/www.mixedmanualarts.de\/wp-content\/uploads\/2015\/03\/DSC01066-300x225.jpg 300w, https:\/\/www.mixedmanualarts.de\/wp-content\/uploads\/2015\/03\/DSC01066.jpg 1632w\" sizes=\"auto, (max-width: 889px) 100vw, 889px\" \/><\/a><\/strong><\/h3>\n<h2 style=\"text-align: left;\"><em><strong>Wir kommen zu Ihnen<\/strong><\/em><\/h2>\n<p style=\"text-align: left;\"><strong><em>Wir m\u00f6chten Ihnen das Tragen Ihrer Aufgaben erleichtern.<\/em><\/strong><br \/>\n<strong> <em> Das Tragen Ihres Sakkos. Das Tragen Ihres K\u00f6rpers. Und das Tragen Ihrer Aktenstapel.<\/em><\/strong><\/p>\n<p style=\"text-align: left;\"><strong><em>Sie lassen sich fallen und tanken auf.<\/em><\/strong><\/p>\n<p style=\"text-align: left;\"><strong><em>Entspannen Sie in Ihren ganz pers\u00f6nlichen Momenten&#8230;und verweilen Sie dort.<\/em><\/strong><br \/>\n<strong> <em> Wer die Ruhe in sich tr\u00e4gt, beh\u00e4lt den \u00dcberblick &#8211; und er hat jederzeit die Kraft zu beschleunigen.<\/em><\/strong><br \/>\n<strong> <em> Kommen Sie einmal t\u00e4glich, einmal w\u00f6chentlich raus aus dem allt\u00e4glichen Stressmodus.<\/em><\/strong><br \/>\n<strong> <em> Kommen Sie zu sich, Sie werden l\u00e4ngst erwartet und k\u00f6nnen jederzeit wieder gehen&#8230;<\/em><\/strong><\/p>\n<h3 style=\"text-align: left;\"><strong>Sie werden bleiben.<\/strong><\/h3>\n<p>&nbsp;<\/p>\n<p><span style=\"text-decoration: underline;\"><strong>Anschlie\u00dfend noch einige Worte zum Massageteam Hamburg:<\/strong><\/span><\/p>\n<p><em><strong>Das Massageteam Hamburg steht f\u00fcr Qualit\u00e4t, Kreativit\u00e4t und Authentizit\u00e4t<\/strong><\/em><\/p>\n<p>Ulf Robrade &#8211; Jahrgang 1970 &#8211; gelernter Heilpraktiker, freiberuflicher Masseur und Shiatsutherapeut ist Gr\u00fcnder vom Massageteam Hamburg<\/p>\n<p>&#8211; Seit\u00a0 weit \u00fcber zehn Jahren stil\u00fcbergreifende und kompetente Massagen in Unternehmen und in verschiedenen Hamburger Hotels<\/p>\n<p>&#8211; Speziell f\u00fcr Behandlungen am Massagestuhl und -liege ausgebildet\u00a0 &#8211; Profunde Kenntnisse in vielen weiteren Massagetechniken sowie in allgemeiner Gesundheitspr\u00e4vention.<\/p>\n<p>&#8211; Das Hamburger Massageteam ist gut vernetzt und leistet einen vielseitigen und flexiblen Service.<\/p>\n<p><strong>Direkt vor Ort &#8211; Spontan &#8211;\u00a0 Unverbindlich. Nutzen Sie unser Kennlernangebot!<\/strong><\/p>\n<p><strong>Wir w\u00fcnschen, Sie finden an unseren Angeboten Interesse.<\/strong><\/p>\n","protected":false},"excerpt":{"rendered":"<p>Massage bringt Entspannung &#8211; Leichtigkeit &#8211;\u00a0 Kreativit\u00e4t und Kraft\u00a0 in ihr Unternehmen. Hier passiert etwas &#8211; Anderes! Die Entwicklung von K\u00f6rperbewusstsein \u00f6ffnet Potenziale. Festgefahrene Haltungen k\u00f6nnen wahrgenommen werden und\u00a0 sich ver\u00e4ndern. Sie ver\u00e4ndern sich. Unsere Kunden sind in der Lage, flexibel und gelassen zu agieren. &nbsp; Mobile Massage in meinem Unternehmen!\u00a0 Warum? Optimierung der Leistungsf\u00e4higkeit [&hellip;]<\/p>\n","protected":false},"author":4,"featured_media":0,"parent":0,"menu_order":0,"comment_status":"closed","ping_status":"closed","template":"","meta":{"footnotes":""},"class_list":["post-31","page","type-page","status-publish","hentry"],"_links":{"self":[{"href":"https:\/\/www.mixedmanualarts.de\/index.php?rest_route=\/wp\/v2\/pages\/31","targetHints":{"allow":["GET"]}}],"collection":[{"href":"https:\/\/www.mixedmanualarts.de\/index.php?rest_route=\/wp\/v2\/pages"}],"about":[{"href":"https:\/\/www.mixedmanualarts.de\/index.php?rest_route=\/wp\/v2\/types\/page"}],"author":[{"embeddable":true,"href":"https:\/\/www.mixedmanualarts.de\/index.php?rest_route=\/wp\/v2\/users\/4"}],"replies":[{"embeddable":true,"href":"https:\/\/www.mixedmanualarts.de\/index.php?rest_route=%2Fwp%2Fv2%2Fcomments&post=31"}],"version-history":[{"count":158,"href":"https:\/\/www.mixedmanualarts.de\/index.php?rest_route=\/wp\/v2\/pages\/31\/revisions"}],"predecessor-version":[{"id":946,"href":"https:\/\/www.mixedmanualarts.de\/index.php?rest_route=\/wp\/v2\/pages\/31\/revisions\/946"}],"wp:attachment":[{"href":"https:\/\/www.mixedmanualarts.de\/index.php?rest_route=%2Fwp%2Fv2%2Fmedia&parent=31"}],"curies":[{"name":"wp","href":"https:\/\/api.w.org\/{rel}","templated":true}]}}