{"id":9,"date":"2014-10-31T12:40:59","date_gmt":"2014-10-31T10:40:59","guid":{"rendered":"http:\/\/www.mixedmanualarts.de\/massagen\/?page_id=9"},"modified":"2026-03-28T18:27:25","modified_gmt":"2026-03-28T16:27:25","slug":"massagen","status":"publish","type":"page","link":"https:\/\/www.mixedmanualarts.de\/?page_id=9","title":{"rendered":"Mixed Manual Arts"},"content":{"rendered":"\n<figure class=\"wp-block-pullquote is-style-default\"><blockquote><p>\u201e<strong>Die Einheit steht im Mittelpunkt und gleichzeitig \u00fcber allem<\/strong>\u201d<\/p><\/blockquote><\/figure>\n\n\n<p style=\"text-align: center;\"><strong>\u201eMixed Manual Arts\u201c bezeichnet<\/strong><strong> die Synthese von Massagetechniken aus unterschiedlichen Traditionen (Klass.Massage\/ Shiatsu\/LomiLomi) zu einer Behandlungsform.<\/strong><\/p>\n<ul>\n<li style=\"text-align: left;\"><strong>Behandlungsrelevante Areale werden erkannt und n\u00e4her erkundet\u00a0\u00a0<\/strong><\/li>\n<li style=\"text-align: left;\"><strong>Die Technik kommuniziert \u00fcber die Spannungslinien und -felder des K\u00f6rpers mit dem Menschen<br \/><\/strong><\/li>\n<li style=\"text-align: left;\"><strong>Bewusstsein wird \u00fcber den therapeutischen Kontakt und Impulse in Bereiche geleitet, in welchen Stress und negative Informationen abgespeichert werden. Diese <\/strong><strong>Energien d\u00fcrfen an die Oberfl\u00e4che und in Bewegung kommen und transformieren.<\/strong><\/li>\n<li style=\"text-align: left;\"><strong>Der Organismus erh\u00e4lt die Einladung vergessene Potenziale auszugleichen und integrieren.<\/strong><\/li>\n<li><strong>Das System wird in<\/strong><strong> seine urspr\u00fcngliche und nat\u00fcrliche Struktur und Schwingung begleitet.<\/strong><\/li>\n<\/ul>\n<p style=\"text-align: left;\">\u00a0<\/p>\n<p style=\"text-align: center;\"><a href=\"https:\/\/www.mixedmanualarts.de\/wp-content\/uploads\/2015\/01\/BILD0045.jpg\"><img loading=\"lazy\" decoding=\"async\" class=\"alignnone size-large wp-image-105\" src=\"https:\/\/www.mixedmanualarts.de\/wp-content\/uploads\/2015\/01\/BILD0045-1024x768.jpg\" alt=\"RCP-7325XS\" width=\"889\" height=\"667\" srcset=\"https:\/\/www.mixedmanualarts.de\/wp-content\/uploads\/2015\/01\/BILD0045-1024x768.jpg 1024w, https:\/\/www.mixedmanualarts.de\/wp-content\/uploads\/2015\/01\/BILD0045-300x225.jpg 300w\" sizes=\"auto, (max-width: 889px) 100vw, 889px\" \/><\/a><\/p>\n<p style=\"text-align: center;\">\u00a0<\/p>\n<p style=\"text-align: center;\"><strong>\u00a0<\/strong><strong>Als Ausf\u00fchrender suchen wir in absichtslosem, nat\u00fcrlichem Tun den Einklang mit dem Ganzen &#8211; Als Empfangender\/in das eigene und universelle EinsSein leben und erleben.<\/strong><\/p>\n<p style=\"text-align: center;\"><strong>Die Techniken k\u00f6nnen therapeutisch angewandt werden, sowie zur professionellen Arbeit im Wellnessbereich dienen.<\/strong><\/p>\n<p style=\"text-align: center;\"><strong>Die n\u00e4chste M\u00f6glichkeit zum Kennenlernen dieser Technik bietet sich hier.<\/strong><\/p>\n<p><strong>EINSTIEG IN DIE K\u00d6RPERARBEIT UND MASSAGE &#8211; am 03.02.2024 in L\u00fcbeck und am 16.03.2024 in Bremen<\/strong><\/p>\n<div class=\"kw-info\">\n<p>In dem Kurs gilt es, den Einstieg in die K\u00f6rperarbeit zu finden. Wir behandeln am bekleideten K\u00f6rper in verschiedenen Positionen, vorwiegend mit Techniken aus der asiatischen Massage. Der ganzheitliche Gesundheitsansatz und die Entwicklung der Wahrnehmung des K\u00f6rpers bzw. K\u00f6rperareals stehen ebenso wie die eigene Haltung im Zentrum dieses Workshops.<\/p>\n<p><strong>MASSAGE AUF DER LIEGE &#8211; F\u00dcR ANF\u00c4NGER*INNEN UND PROFIS &#8211; am 13.\/14.04. 2024 in Bremen<\/strong><\/p>\n<div class=\"kw-info\">\n<p>Durch das Kennenlernen verschiedener Massageformen kann jede*r Teilnehmer*in die eigene Art der Behandlung entwickeln. Wir arbeiten mit den unterschiedlichen Techniken und Griffen und erarbeiten den Ablauf einer R\u00fcckenmassage. Das Konzept ganzheitlicher K\u00f6rperarbeit, die eigene K\u00f6rperhaltung und innere Ausrichtung des Aus\u00fcbenden werden in diesem praxisbetonten Workshop ebenfalls thematisiert.<\/p>\n<\/div>\n<p><strong>https:\/\/www.vhs-bremen.de<\/strong><\/p>\n<\/div>\n<p style=\"text-align: center;\">&#8222;MixedManualArts&#8220;-Workshops auch an der Vhs-L\u00fcbeck. Come along everybody, explore yourself and become one by being body!<\/p>\n<p style=\"text-align: center;\">Welcome you!<\/p>\n<p><strong>\u00a0<\/strong><\/p>","protected":false},"excerpt":{"rendered":"<p>\u201eDie Einheit steht im Mittelpunkt und gleichzeitig \u00fcber allem\u201d \u201eMixed Manual Arts\u201c bezeichnet die Synthese von Massagetechniken aus unterschiedlichen Traditionen (Klass.Massage\/ Shiatsu\/LomiLomi) zu einer Behandlungsform. Behandlungsrelevante Areale werden erkannt und n\u00e4her erkundet\u00a0\u00a0 Die Technik kommuniziert \u00fcber die Spannungslinien und -felder des K\u00f6rpers mit dem Menschen Bewusstsein wird \u00fcber den therapeutischen Kontakt und Impulse in Bereiche [&hellip;]<\/p>\n","protected":false},"author":4,"featured_media":0,"parent":0,"menu_order":0,"comment_status":"closed","ping_status":"closed","template":"","meta":{"footnotes":""},"class_list":["post-9","page","type-page","status-publish","hentry"],"_links":{"self":[{"href":"https:\/\/www.mixedmanualarts.de\/index.php?rest_route=\/wp\/v2\/pages\/9","targetHints":{"allow":["GET"]}}],"collection":[{"href":"https:\/\/www.mixedmanualarts.de\/index.php?rest_route=\/wp\/v2\/pages"}],"about":[{"href":"https:\/\/www.mixedmanualarts.de\/index.php?rest_route=\/wp\/v2\/types\/page"}],"author":[{"embeddable":true,"href":"https:\/\/www.mixedmanualarts.de\/index.php?rest_route=\/wp\/v2\/users\/4"}],"replies":[{"embeddable":true,"href":"https:\/\/www.mixedmanualarts.de\/index.php?rest_route=%2Fwp%2Fv2%2Fcomments&post=9"}],"version-history":[{"count":95,"href":"https:\/\/www.mixedmanualarts.de\/index.php?rest_route=\/wp\/v2\/pages\/9\/revisions"}],"predecessor-version":[{"id":953,"href":"https:\/\/www.mixedmanualarts.de\/index.php?rest_route=\/wp\/v2\/pages\/9\/revisions\/953"}],"wp:attachment":[{"href":"https:\/\/www.mixedmanualarts.de\/index.php?rest_route=%2Fwp%2Fv2%2Fmedia&parent=9"}],"curies":[{"name":"wp","href":"https:\/\/api.w.org\/{rel}","templated":true}]}}